{"id":73,"date":"2023-02-22T14:04:53","date_gmt":"2023-02-22T13:04:53","guid":{"rendered":"https:\/\/locationduplexprazsurarly.fr\/?page_id=73"},"modified":"2023-02-23T16:22:17","modified_gmt":"2023-02-23T15:22:17","slug":"mentions-legales","status":"publish","type":"page","link":"https:\/\/locationduplexprazsurarly.fr\/index.php\/mentions-legales\/","title":{"rendered":"Mentions l\u00e9gales"},"content":{"rendered":"\t\t<div data-elementor-type=\"wp-page\" data-elementor-id=\"73\" class=\"elementor elementor-73\">\n\t\t\t\t<div class=\"elementor-element elementor-element-8c03042 e-flex e-con-boxed e-con e-parent\" data-id=\"8c03042\" data-element_type=\"container\">\n\t\t\t\t\t<div class=\"e-con-inner\">\n\t\t\t\t<div class=\"elementor-element elementor-element-7eae609 elementor-widget elementor-widget-heading\" data-id=\"7eae609\" data-element_type=\"widget\" data-widget_type=\"heading.default\">\n\t\t\t\t<div class=\"elementor-widget-container\">\n\t\t\t\t\t<h1 class=\"elementor-heading-title elementor-size-default\">Mentions l\u00e9gales<\/h1>\t\t\t\t<\/div>\n\t\t\t\t<\/div>\n\t\t\t\t\t<\/div>\n\t\t\t\t<\/div>\n\t\t<div class=\"elementor-element elementor-element-2d8d728 e-flex e-con-boxed e-con e-parent\" data-id=\"2d8d728\" data-element_type=\"container\">\n\t\t\t\t\t<div class=\"e-con-inner\">\n\t\t\t\t<div class=\"elementor-element elementor-element-586ddb6 elementor-widget elementor-widget-text-editor\" data-id=\"586ddb6\" data-element_type=\"widget\" data-widget_type=\"text-editor.default\">\n\t\t\t\t<div class=\"elementor-widget-container\">\n\t\t\t\t\t\t\t\t\t<div class=\"post-inner thin \">\n<div class=\"entry-content\">\n<p>Conform\u00e9ment aux dispositions des Articles 6-III et 19 de la Loi n\u00b02004-575 du 21 juin 2004 pour la Confiance dans l\u2019\u00e9conomie num\u00e9rique, dite L.C.E.N., il est port\u00e9 \u00e0 la connaissance des utilisateurs et visiteurs, ci-apr\u00e8s l\u2019\u00a0\u00bbUtilisateur\u00a0\u00bb, du site\u00a0<em><strong>Location Duplex Praz Sur Arly<\/strong><\/em>\u00a0ci-apr\u00e8s \u00ab\u00a0le Site\u00a0\u00bb, les pr\u00e9sentes mentions l\u00e9gales.<\/p>\n<p>Le site\u00a0<em><strong>Location Duplex Praz Sur Arly<\/strong><\/em>\u00a0est accessible \u00e0 l\u2019adresse suivante :\u00a0<a href=\"https:\/\/locationduplexprazsurarly.fr\/\">https:\/\/locationduplexprazsurarly.fr\/<\/a>. L\u2019acc\u00e8s et l\u2019utilisation du Site sont soumis aux pr\u00e9sentes\u00a0 \u00ab\u00a0Mentions l\u00e9gales \u00bb d\u00e9taill\u00e9es ci-apr\u00e8s ainsi qu\u2019aux lois et\/ou r\u00e8glements applicables.<\/p>\n<p>La connexion, l\u2019utilisation et l\u2019acc\u00e8s \u00e0 ce Site impliquent l\u2019acceptation int\u00e9grale et sans r\u00e9serve de l\u2019internaute de toutes les dispositions des pr\u00e9sentes Mentions L\u00e9gales.<\/p>\n<p>Ces derni\u00e8res sont accessibles sur le Site \u00e0 la rubrique \u00ab Mentions l\u00e9gales \u00bb.<\/p>\n<h2>ARTICLE 1 \u2013 INFORMATIONS L\u00c9GALES<\/h2>\n<p>En vertu de l\u2019Article 6 de la Loi n\u00b0 2004-575 du 21 juin 2004 pour la confiance dans l\u2019\u00e9conomie num\u00e9rique, il est pr\u00e9cis\u00e9 dans cet article l\u2019identit\u00e9 des diff\u00e9rents intervenants dans le cadre de sa r\u00e9alisation et de son suivi.<\/p>\n<h3>A. Editeur du site<\/h3>\n<p>Le site est \u00e9dit\u00e9 par : SAS ayant son si\u00e8ge social \u00e0 l\u2019adresse suivante :<\/p>\n<p>33 rue des Alli\u00e9s,<br \/>57410 ROHRBACH LES BITCHE<br \/>T\u00e9l\u00e9phone : 03 87 28 95 44 \/ 06 71 58 74 99<br \/>Adresse e-mail : contact@gillespecqueur.com<\/p>\n<p>Ci-apr\u00e8s \u00ab l\u2019\u00c9diteur \u00bb<\/p>\n<h3>B. Directeur de publication<\/h3>\n<p>Le Directeur de publication est : PECQUEUR Gilles<\/p>\n<p>Adresse e-mail de contact : contact@gillespecqueur.com<\/p>\n<p>Ci-apr\u00e8s \u00ab le Directeur de publication \u00bb<\/p>\n<h3>C. H\u00e9bergeur du site<\/h3>\n<p>Le site est h\u00e9berg\u00e9 par : OVH dont le si\u00e8ge est situ\u00e9 \u00e0 l\u2019adresse suivante :<\/p>\n<p>Roubaix<br \/>T\u00e9l\u00e9phone :<br \/>Adresse e-mail :<\/p>\n<p>Ci-apr\u00e8s \u00ab l\u2019H\u00e9bergeur \u00bb<\/p>\n<h3>D. Utilisateurs<\/h3>\n<p>Sont consid\u00e9r\u00e9s comme utilisateurs tous les internautes qui naviguent, lisent, visionnent et utilisent le site. Ci-apr\u00e8s les \u00ab Utilisateurs \u00bb.<\/p>\n<h2>ARTICLE 2 \u2013 ACCESSIBILIT\u00c9<\/h2>\n<p>Le Site est par principe accessible aux Utilisateurs 24\/24h et 7\/7j, sauf interruption, programm\u00e9e ou non, pour des besoins de maintenance ou en cas de force majeure. En cas d\u2019impossibilit\u00e9 d\u2019acc\u00e8s au Site, celui-ci s\u2019engage \u00e0 faire son maximum afin d\u2019en r\u00e9tablir l\u2019acc\u00e8s. Le Site ne saurait \u00eatre tenu pour responsable de tout dommage (modification, interruption, suspension), quelle qu\u2019en soit la nature, r\u00e9sultant de son indisponibilit\u00e9.<\/p>\n<h2>ARTICLE 3 \u2013 LOI APPLICABLE ET JURIDICTION<\/h2>\n<p>Les pr\u00e9sentes Mentions L\u00e9gales sont r\u00e9gies par la loi fran\u00e7aise. En cas de diff\u00e9rend et \u00e0 d\u00e9faut d\u2019accord amiable, le litige sera port\u00e9 devant les tribunaux fran\u00e7ais conform\u00e9ment aux r\u00e8gles de comp\u00e9tence en vigueur.<\/p>\n<h2>ARTICLE 4 \u2013 CONTACT<\/h2>\n<p>Pour tout signalement de contenus ou d\u2019activit\u00e9s illicites, l\u2019Utilisateur peut contacter l\u2019\u00c9diteur \u00e0 l\u2019adresse suivante : contact@gillespecqueur.com, ou par courrier recommand\u00e9 avec accus\u00e9 de r\u00e9ception adress\u00e9 \u00e0 l\u2019\u00c9diteur aux coordonn\u00e9es pr\u00e9cis\u00e9es dans les pr\u00e9sentes mentions l\u00e9gales.<\/p>\n<p><em><strong>Location Duplex Praz Sur Arly<\/strong><\/em> vous souhaite une bonne navigation.<\/p>\n<\/div>\n<\/div>\t\t\t\t\t\t\t\t<\/div>\n\t\t\t\t<\/div>\n\t\t\t\t\t<\/div>\n\t\t\t\t<\/div>\n\t\t\t\t<\/div>\n\t\t","protected":false},"excerpt":{"rendered":"<p>Mentions l\u00e9gales Conform\u00e9ment aux dispositions des Articles 6-III et 19 de la Loi n\u00b02004-575 du 21 juin 2004 pour la Confiance dans l\u2019\u00e9conomie num\u00e9rique, dite L.C.E.N., il est port\u00e9 \u00e0 la connaissance des utilisateurs et visiteurs, ci-apr\u00e8s l\u2019\u00a0\u00bbUtilisateur\u00a0\u00bb, du site\u00a0Location Duplex Praz Sur Arly\u00a0ci-apr\u00e8s \u00ab\u00a0le Site\u00a0\u00bb, les pr\u00e9sentes mentions l\u00e9gales. Le site\u00a0Location Duplex Praz Sur [&hellip;]<\/p>\n","protected":false},"author":1,"featured_media":0,"parent":0,"menu_order":0,"comment_status":"closed","ping_status":"closed","template":"elementor_header_footer","meta":{"footnotes":""},"class_list":["post-73","page","type-page","status-publish","hentry"],"_links":{"self":[{"href":"https:\/\/locationduplexprazsurarly.fr\/index.php\/wp-json\/wp\/v2\/pages\/73","targetHints":{"allow":["GET"]}}],"collection":[{"href":"https:\/\/locationduplexprazsurarly.fr\/index.php\/wp-json\/wp\/v2\/pages"}],"about":[{"href":"https:\/\/locationduplexprazsurarly.fr\/index.php\/wp-json\/wp\/v2\/types\/page"}],"author":[{"embeddable":true,"href":"https:\/\/locationduplexprazsurarly.fr\/index.php\/wp-json\/wp\/v2\/users\/1"}],"replies":[{"embeddable":true,"href":"https:\/\/locationduplexprazsurarly.fr\/index.php\/wp-json\/wp\/v2\/comments?post=73"}],"version-history":[{"count":8,"href":"https:\/\/locationduplexprazsurarly.fr\/index.php\/wp-json\/wp\/v2\/pages\/73\/revisions"}],"predecessor-version":[{"id":399,"href":"https:\/\/locationduplexprazsurarly.fr\/index.php\/wp-json\/wp\/v2\/pages\/73\/revisions\/399"}],"wp:attachment":[{"href":"https:\/\/locationduplexprazsurarly.fr\/index.php\/wp-json\/wp\/v2\/media?parent=73"}],"curies":[{"name":"wp","href":"https:\/\/api.w.org\/{rel}","templated":true}]}}